{"id":4845,"date":"2022-12-28T14:40:56","date_gmt":"2022-12-28T14:40:56","guid":{"rendered":"https:\/\/ecovoce.granturi.ubbcluj.ro\/?page_id=4845"},"modified":"2022-12-30T16:57:39","modified_gmt":"2022-12-30T16:57:39","slug":"cookie","status":"publish","type":"page","link":"https:\/\/ecovoce.granturi.ubbcluj.ro\/en\/cookie\/","title":{"rendered":"Cookie"},"content":{"rendered":"<div data-elementor-type=\"wp-page\" data-elementor-id=\"4845\" class=\"elementor elementor-4845\">\n\t\t\t\t\t\t<section class=\"elementor-section elementor-top-section elementor-element elementor-element-4fe9c2c elementor-section-boxed elementor-section-height-default elementor-section-height-default\" data-id=\"4fe9c2c\" data-element_type=\"section\">\n\t\t\t\t\t\t<div class=\"elementor-container elementor-column-gap-default\">\n\t\t\t\t\t<div class=\"elementor-column elementor-col-100 elementor-top-column elementor-element elementor-element-d17a73c\" data-id=\"d17a73c\" data-element_type=\"column\">\n\t\t\t<div class=\"elementor-widget-wrap elementor-element-populated\">\n\t\t\t\t\t\t<div class=\"elementor-element elementor-element-d543220 elementor-widget elementor-widget-text-editor\" data-id=\"d543220\" data-element_type=\"widget\" data-widget_type=\"text-editor.default\">\n\t\t\t\t<div class=\"elementor-widget-container\">\n\t\t\t\t\t\t\t<h1 role=\"heading\" aria-level=\"1\">Politica de utilizare a cookie-urilor<\/h1><div><h2>1. Introducere<\/h2><p>Site-ul nostru folose\u0219te cookie-uri.<\/p><p>Prin aceast\u0103 Politic\u0103 de cookies dorim s\u0103 v\u0103 inform\u0103m despre:<\/p><p>a). Ce tip de cookie-uri exist\u0103 pe website-ul nostru: https:\/\/ecovoce.granturi.ubbcluj.ro\/<\/p><p>b). C\u00e2t timp persist\u0103 acestea \u00een browser-ul vizitatorilor site-ului nostru<\/p><p>c). Ce date urm\u0103resc aceste cookie-uri<\/p><p>d). Care este scopul final al acestor cookie-uri (statistici, func\u021bionalitate etc.)<\/p><p>e). Cum se poate refuza utilizarea cookie-urilor \u0219i cum se pot schimba set\u0103rile legate de cookie-uri din browser-ul dumneavoastr\u0103.<\/p><h2>2. Ce este un cookie?<\/h2><p>Un cookie este un mic fragment de text pe care site-urile web \u00eel transmit browser-ului \u0219i care este stocat \u00een dispozitivul utilizatorului, cum ar fi calculatorul\/laptop-ul dvs., telefonul mobil, tableta, etc. Aceste fi\u0219iere sunt utilizate de c\u0103tre website ca s\u0103-\u0219i aminteasc\u0103 informa\u021bii despre vizitele utilizatorilor, cum ar fi preferin\u021bele de limb\u0103 \u0219i alte op\u021biuni, \u00een timp ce v\u0103 ajut\u0103 s\u0103 seta\u021bi lucrurile pentru urm\u0103toarele vizite \u0219i face website-ul mai util prin personalizarea con\u021binutului s\u0103u. Cookie-urile joac\u0103 un rol foarte important \u00een \u00eembun\u0103t\u0103\u021birea experien\u021bei de utilizare a site-ului web.<\/p><p>Un cookie este format din dou\u0103 p\u0103r\u0163i: numele \u015fi con\u0163inutul sau valoarea cookie-ului. Acest text este pasiv &#8211; nu con\u021bine programe software \u0219i aplica\u021bii malware (viru\u0219i informatici, spyware, adware etc.) \u0219i nu poate accesa informa\u021biile de pe hard-disk-ul sau SSD-ul utilizatorului.<\/p><p>Durata de via\u0163\u0103 a unui cookie poate varia, depinz\u00e2nd de scopul pentru care este plasat. Unele cookie-uri sunt folosite doar pentru o singur\u0103 sesiune (<i>session cookies<\/i>) \u015fi nu mai sunt re\u0163inute, odat\u0103 ce utilizatorul a p\u0103r\u0103sit site-ul web, \u00een timp ce alte cookies-uri sunt memorate \u015fi refolosite de fiecare dat\u0103 c\u00e2nd utilizatorul revine pe site-ul web (<i>cookies-uri persistente<\/i>). Cookies-urile nu solicit\u0103 date cu caracter personal pentru a putea fi utilizate \u015fi, de cele mai multe ori, nu identific\u0103 personal utilizatorii de Internet.<\/p><h2>3. Tipuri de cookies folosite<\/h2><p>Site-ul web folose\u0219te urm\u0103toarele module cookies:<\/p><p><b>a). Cookie-uri strict necesare:\u00a0<\/b>\u00eel lipsa acestora nu v\u0103 putem livra con\u021binutul site-ului web. Aceste cookie-uri asigur\u0103 func\u021bionalitatea de baz\u0103 a website-ului.<\/p><table><tbody><tr><td valign=\"top\"><p align=\"center\"><b>Denumire cookie<\/b><\/p><\/td><td valign=\"top\"><p align=\"center\"><b>Domeniu<\/b><\/p><\/td><td valign=\"top\"><p align=\"center\"><b>Scop<\/b><\/p><\/td><td valign=\"top\"><p align=\"center\"><b>Termen expirare<\/b><\/p><\/td><\/tr><tr><td valign=\"top\"><p align=\"center\">PHPSESSID<\/p><\/td><td valign=\"top\"><p align=\"center\">ecovoce.granturi.ubbcluj.ro<\/p><\/td><td valign=\"top\"><p align=\"center\">Acesta este un cookie esen\u021bial pentru func\u021bionarea site-ului web. Acest cookie nu colecteaz\u0103 informa\u021bii care s\u0103 permit\u0103 identificarea utilizatorului \u0219i este \u0219ters atunci c\u00e2nd dumneavoastr\u0103 \u00eenchide\u021bi browser-ul<\/p><\/td><td valign=\"top\"><p align=\"center\">sesiune<\/p><\/td><\/tr><tr><td valign=\"top\"><p align=\"center\">cookies-consent<\/p><\/td><td valign=\"top\"><p align=\"center\">ecovoce.granturi.ubbcluj.ro<\/p><\/td><td valign=\"top\"><p align=\"center\">\u00cenregistr\u0103m \u00een browser acceptul dumneavoastr\u0103 cu privire la politica de utilizare a cookie-urilor<\/p><\/td><td valign=\"top\"><p align=\"center\">5 zile<\/p><\/td><\/tr><\/tbody><\/table><p><b>\u00a0\u00a0\u00a0\u00a0\u00a0\u00a0\u00a0\u00a0\u00a0\u00a0\u00a0 b). Cookie-uri de analiz\u0103 statistic\u0103:\u00a0<\/b>aceste cookie-uri sunt folosite pentru a colecta informa\u021bii cu privire la modul \u00een care utilizatorii interac\u021bioneaz\u0103 cu website-ul nostru, despre comportamentul general al tuturor utilizatorilor, care urmeaz\u0103 s\u0103 fie analizate pentru a ne ajuta s\u0103 aducem \u00eembun\u0103t\u0103\u021biri, \u0219i nu pot fi folosite pentru a identifica utilizatorii individuali.<\/p><p>\u00cen aceast\u0103 categorie se reg\u0103sesc\u00a0<b>cookie-urile de performan\u021b\u0103.<\/b><\/p><p><b>Cookie-urile de performan\u021b\u0103:<\/b>\u00a0sunt cookie-uri care ne permit s\u0103 num\u0103r\u0103m vizitele \u0219i sursele de trafic, astfel \u00eenc\u00e2t s\u0103 putem \u00eembun\u0103t\u0103\u021bi performan\u021bele website-ului nostru. Aceste fi\u0219iere cookie ne ajut\u0103 s\u0103 afl\u0103m c\u00e2\u021bi vizitatori are site-ul nostru. Toate informa\u021biile colectate de aceste cookies sunt anonime. Vizitatorul nu este niciodat\u0103 identificat \u00een mod individual sau personal. Cookie-urile de performan\u021b\u0103 sunt folosite doar pentru a \u00eembun\u0103t\u0103\u021bi modul \u00een care func\u021bioneaz\u0103 website-ul.<\/p><table><tbody><tr><td valign=\"top\"><b>Nr.crt.<\/b><\/td><td valign=\"top\"><p align=\"center\"><b>Denumire<\/b><\/p><\/td><td valign=\"top\"><p align=\"center\"><b>Furnizor<\/b><\/p><\/td><td valign=\"top\"><p align=\"center\"><b>Scop<\/b><\/p><\/td><td valign=\"top\"><p align=\"center\"><b>Termen expirare<\/b><\/p><\/td><\/tr><tr><td valign=\"top\"><p align=\"center\">1<\/p><\/td><td valign=\"top\"><p align=\"center\">_ga<\/p><\/td><td valign=\"top\"><p align=\"center\">Google Analytics<\/p><\/td><td valign=\"top\"><p>Acest tip de cookie este folosit pentru a distinge utilizatorii unici prin atribuirea unui num\u0103r generat aleatoriu, ca un identificator al vizitatorului. Acesta este inclus \u00een fiecare cerere de acces la o pagin\u0103 dintr-un site web \u0219i este folosit pentru a calcula num\u0103rul de vizitatori.<\/p><\/td><td valign=\"top\"><p align=\"center\">2 ani<\/p><\/td><\/tr><tr><td valign=\"top\"><p align=\"center\">2<\/p><\/td><td valign=\"top\"><p align=\"center\">_gid<\/p><\/td><td valign=\"top\"><p align=\"center\">Google Analytics<\/p><\/td><td valign=\"top\"><p>Acest modul de cookie stocheaz\u0103 \u0219i actualizeaz\u0103 o valoare unic\u0103 pentru fiecare pagin\u0103 vizitat\u0103.<\/p><\/td><td valign=\"top\"><p align=\"center\">24 ore<\/p><\/td><\/tr><tr><td valign=\"top\"><p align=\"center\">3<\/p><\/td><td valign=\"top\"><p align=\"center\">_fbp<\/p><\/td><td valign=\"top\"><p align=\"center\">Facebook<\/p><\/td><td valign=\"top\">Facebook Pixel salveaz\u0103 automat un identificator unic pe un cookie _fbp pentru domeniul website-ului, dac\u0103 unul nu exist\u0103 deja. (modul cookie de analiz\u0103).<\/td><td valign=\"top\"><p align=\"center\">4 luni<\/p><\/td><\/tr><tr><td valign=\"top\">4<\/td><td valign=\"top\">_utma<\/td><td valign=\"top\">Google Analytics<\/td><td valign=\"top\">Acest tip de cookie este folosit pentru a distinge utilizatorii \u0219i sesiunile. Cookie-ul este creat atunci c\u00e2nd se execut\u0103 biblioteca javascript \u0219i nu exist\u0103 cookie-ul _utma setat. Acest modul cookie este actualizat de fiecare dat\u0103 c\u00e2nd datele sunt trimise la Google Analytics.<\/td><td valign=\"top\">2 ani de la setare<\/td><\/tr><tr><td>5<\/td><td>_utmz<\/td><td>Google Analytics<\/td><td>Acest tip de cookie stocheaz\u0103 sursa de trafic care explic\u0103 modul \u00een care utilizatorul a ajuns pe website-ul nostru. Cookie-ul este creat atunci c\u00e2nd se execut\u0103 biblioteca javascript \u0219i este actualizat de fiecare dat\u0103 c\u00e2nd datele sunt trimise c\u0103tre Google Analytics.<\/td><td>6 luni de la setare\/actualizare<\/td><\/tr><\/tbody><\/table><p>Pentru informa\u021bii legate de modul \u00een care Google Analytics utilizeaz\u0103 datele colectate v\u0103 recomand\u0103m s\u0103 accesa\u021bi urm\u0103toarele pagini web:<\/p><p>a). Politica de confiden\u021bialitate Google: \u00a0<a href=\"https:\/\/policies.google.com\/privacy?hl=ro&amp;gl=ZZ\">https:\/\/policies.google.com\/privacy?hl=ro&amp;gl=ZZ<\/a><\/p><p>b). Practicile serviciului Google Analytics referitoare la angajamentul de a proteja confiden\u021bialitatea \u0219i securitatea datelor:<br \/><a href=\"https:\/\/support.google.com\/analytics\/answer\/6004245?hl=ro\">https:\/\/support.google.com\/analytics\/answer\/6004245?hl=ro<\/a><\/p><p>Cookie-urile permit Facebook\/Meta s\u0103 v\u0103 ofere produsele Facebook \u0219i s\u0103 \u00een\u021beleag\u0103 informa\u021biile pe care le primesc despre dumneavoastr\u0103, inclusiv informa\u021biile despre utilizarea altor site-uri web \u0219i aplica\u021bii de c\u0103tre dumneavoastr\u0103, indiferent dac\u0103 sunte\u021bi sau nu \u00eenregistrat sau conectat la acestea. Modulele cookie furnizate de Facebook sunt create \u0219i controlate de Facebook, care de\u021bine controlul deplin asupra datelor colectate \u0219i a modului \u00een care sunt utilizate.<\/p><p>Pentru informa\u021bii legate de modulele cookie pe care Facebook le folose\u0219te v\u0103 recomand\u0103m s\u0103 accesa\u021bi urm\u0103toarea pagin\u0103 web:\u00a0<a href=\"https:\/\/ro-ro.facebook.com\/policies\/cookies\/\">https:\/\/ro-ro.facebook.com\/policies\/cookies\/<\/a><\/p><h2>4. Cum pute\u021bi opri cookie-urile<\/h2><p>Browser-ul web ofer\u0103 posibilitatea utilizatorilor de a controla\/dezactiva cookie-urile. Modul \u00een care face\u021bi acest lucru depinde de tipul de cookies. Pentru a afla mai multe despre dezactivarea sau \u0219tergerea cookie-urilor din browser pute\u021bi accesa urm\u0103torul website:\u00a0<a href=\"http:\/\/www.allaboutcookies.org\/\">http:\/\/www.allaboutcookies.org\/<\/a>.<\/p><p>O alt\u0103 resurs\u0103 web util\u0103 este:\u00a0<a href=\"https:\/\/www.youronlinechoices.com\/ro\/\">https:\/\/www.youronlinechoices.com\/ro\/<\/a><\/p><p>\u00cen cazul \u00een care dori\u021bi s\u0103 configura\u021bi browser-ul web astfel \u00eenc\u00e2t s\u0103 refuze cookie-urile, pute\u021bi utiliza set\u0103rile privind preferin\u021bele din browser-ul dumneavoastr\u0103. Pentru mai multe informa\u021bii despre aceste op\u021biuni consulta\u021bi documenta\u021bia de ajutor a browser-ului. \u00cen func\u021bie de browserele web existente, exist\u0103 mai multe mijloace pentru a controla sau dezactiva cookie-urile. Pentru a afla mai multe informa\u021bii, v\u0103 recomand\u0103m s\u0103 vizita\u021bi site-urile web ale browser-ului utilizat de dumneavoastr\u0103.<\/p><p>a). Set\u0103ri cookie \u00een Internet Explorer:<br \/><a href=\"https:\/\/support.microsoft.com\/en-us\/help\/17442\/windows-internet-explorer-delete-manage-cookies\">https:\/\/support.microsoft.com\/en-us\/help\/17442\/windows-internet-explorer-delete-manage-cookies<\/a><\/p><p>b). Set\u0103ri cookie \u00een Google Chrome:<br \/><a href=\"https:\/\/support.google.com\/chrome\/answer\/95647?hl=en&amp;hlrm=en\">https:\/\/support.google.com\/chrome\/answer\/95647?hl=en&amp;hlrm=en<\/a><\/p><p>c). Set\u0103ri cookie \u00een Safari:<br \/><a href=\"https:\/\/support.apple.com\/guide\/safari\/manage-cookies-and-website-data-sfri11471\/mac\">https:\/\/support.apple.com\/guide\/safari\/manage-cookies-and-website-data-sfri11471\/mac<\/a><\/p><p>d). Set\u0103ri cookie \u00een Microsoft Edge:<br \/><a href=\"https:\/\/support.microsoft.com\/en-us\/help\/4468242\/microsoft-edge-browsing-data-and-privacy\">https:\/\/support.microsoft.com\/en-us\/help\/4468242\/microsoft-edge-browsing-data-and-privacy<\/a><\/p><p>e). Set\u0103ri cookie \u00een Firefox:<br \/><a href=\"https:\/\/support.mozilla.org\/en-US\/kb\/enable-and-disable-cookies-website-preferences\">https:\/\/support.mozilla.org\/en-US\/kb\/enable-and-disable-cookies-website-preferences<\/a><\/p><p>f). Set\u0103ri cookie \u00een Opera:<br \/><a href=\"https:\/\/help.opera.com\/en\/latest\/web-preferences\/\">https:\/\/help.opera.com\/en\/latest\/web-preferences\/<\/a><\/p><p>Dac\u0103 bloca\u021bi utilizarea de cookie-uri \u00een browser-ul dumneavoastr\u0103, unele dintre serviciile anumitor website-uri ar putea s\u0103 nu fie disponibile. Unele browsere permit utilizatorilor set\u0103ri specifice pentru utilizarea cookie-urilor de c\u0103tre anumite site-uri web, care permite un control mai precis al informa\u021biilor private. Acest lucru \u00eenseamn\u0103 c\u0103 pute\u021bi bloca cookie-urile de pe toate site-urile web, cu excep\u021bia celor \u00een care ave\u021bi \u00eencredere.<\/p><p>Unele browsere web au func\u021bia\u00a0<i>Nu urm\u0103ri<\/i>\u00a0care permite utilizatorilor sa nu fie urm\u0103ri\u021bi \u00een timpul navig\u0103rii. Folosirea op\u021biunii\u00a0<i>Nu urm\u0103ri<\/i>\u00a0blocheaz\u0103 func\u021bionalitatea unor site-uri web.<\/p><p><b>Putem actualiza aceast\u0103 Politic\u0103 de cookies din c\u00e2nd \u00een c\u00e2nd \u0219i v\u0103 vom notifica orice modificare prin publicarea unei noi variante pe site-ul web al Proiectului EcoVoce.<br \/><\/b><\/p><\/div>\t\t\t\t\t\t<\/div>\n\t\t\t\t<\/div>\n\t\t\t\t\t<\/div>\n\t\t<\/div>\n\t\t\t\t\t<\/div>\n\t\t<\/section>\n\t\t\t\t<\/div>","protected":false},"excerpt":{"rendered":"<p>Politica de utilizare a cookie-urilor 1. Introducere Site-ul nostru folose\u0219te cookie-uri. Prin aceast\u0103 Politic\u0103 de cookies dorim s\u0103 v\u0103 inform\u0103m &hellip;<\/p>","protected":false},"author":1,"featured_media":0,"parent":0,"menu_order":0,"comment_status":"closed","ping_status":"closed","template":"","meta":{"inline_featured_image":false,"footnotes":""},"class_list":["post-4845","page","type-page","status-publish","hentry"],"_links":{"self":[{"href":"https:\/\/ecovoce.granturi.ubbcluj.ro\/en\/wp-json\/wp\/v2\/pages\/4845","targetHints":{"allow":["GET"]}}],"collection":[{"href":"https:\/\/ecovoce.granturi.ubbcluj.ro\/en\/wp-json\/wp\/v2\/pages"}],"about":[{"href":"https:\/\/ecovoce.granturi.ubbcluj.ro\/en\/wp-json\/wp\/v2\/types\/page"}],"author":[{"embeddable":true,"href":"https:\/\/ecovoce.granturi.ubbcluj.ro\/en\/wp-json\/wp\/v2\/users\/1"}],"replies":[{"embeddable":true,"href":"https:\/\/ecovoce.granturi.ubbcluj.ro\/en\/wp-json\/wp\/v2\/comments?post=4845"}],"version-history":[{"count":24,"href":"https:\/\/ecovoce.granturi.ubbcluj.ro\/en\/wp-json\/wp\/v2\/pages\/4845\/revisions"}],"predecessor-version":[{"id":4873,"href":"https:\/\/ecovoce.granturi.ubbcluj.ro\/en\/wp-json\/wp\/v2\/pages\/4845\/revisions\/4873"}],"wp:attachment":[{"href":"https:\/\/ecovoce.granturi.ubbcluj.ro\/en\/wp-json\/wp\/v2\/media?parent=4845"}],"curies":[{"name":"wp","href":"https:\/\/api.w.org\/{rel}","templated":true}]}}