{"id":2644,"date":"2022-06-28T16:03:15","date_gmt":"2022-06-28T16:03:15","guid":{"rendered":"https:\/\/ecovoce.granturi.ubbcluj.ro\/?page_id=2644"},"modified":"2022-07-19T17:07:41","modified_gmt":"2022-07-19T17:07:41","slug":"echipa","status":"publish","type":"page","link":"https:\/\/ecovoce.granturi.ubbcluj.ro\/en\/echipa\/","title":{"rendered":"Team"},"content":{"rendered":"<div data-elementor-type=\"wp-page\" data-elementor-id=\"2644\" class=\"elementor elementor-2644\">\n\t\t\t\t\t\t<section class=\"elementor-section elementor-top-section elementor-element elementor-element-9ce76e7 elementor-section-boxed elementor-section-height-default elementor-section-height-default\" data-id=\"9ce76e7\" data-element_type=\"section\">\n\t\t\t\t\t\t<div class=\"elementor-container elementor-column-gap-default\">\n\t\t\t\t\t<div class=\"elementor-column elementor-col-100 elementor-top-column elementor-element elementor-element-82adf8a\" data-id=\"82adf8a\" data-element_type=\"column\">\n\t\t\t<div class=\"elementor-widget-wrap elementor-element-populated\">\n\t\t\t\t\t\t<div class=\"elementor-element elementor-element-9d9ce76 elementor-widget elementor-widget-heading\" data-id=\"9d9ce76\" data-element_type=\"widget\" data-widget_type=\"heading.default\">\n\t\t\t\t<div class=\"elementor-widget-container\">\n\t\t\t<h2 class=\"elementor-heading-title elementor-size-default\">About us<\/h2>\t\t<\/div>\n\t\t\t\t<\/div>\n\t\t\t\t\t<\/div>\n\t\t<\/div>\n\t\t\t\t\t<\/div>\n\t\t<\/section>\n\t\t\t\t<section class=\"elementor-section elementor-top-section elementor-element elementor-element-0b274e1 elementor-section-boxed elementor-section-height-default elementor-section-height-default\" data-id=\"0b274e1\" data-element_type=\"section\">\n\t\t\t\t\t\t<div class=\"elementor-container elementor-column-gap-default\">\n\t\t\t\t\t<div class=\"elementor-column elementor-col-100 elementor-top-column elementor-element elementor-element-aaecfb0\" data-id=\"aaecfb0\" data-element_type=\"column\">\n\t\t\t<div class=\"elementor-widget-wrap elementor-element-populated\">\n\t\t\t\t\t\t<div class=\"elementor-element elementor-element-6884144 elementor-widget elementor-widget-wp-widget-text\" data-id=\"6884144\" data-element_type=\"widget\" data-widget_type=\"wp-widget-text.default\">\n\t\t\t\t<div class=\"elementor-widget-container\">\n\t\t\t\t\t\t<div class=\"textwidget\"><p>We are a multidisciplinary team, composed of Environmental Science, Geography, Sociology and Communication Science experts within Babe\u0219-Bolyai University in Cluj-Napoca, Romania and we intend to develop a framework for the monitoring of environmental problems which involve citizens, together with the decision-makers and the scientific community, using the concept of Volunteered Geographic Information.<br \/>\nThe project \u201cMonitoring Ecological Concerns using Volunteered Geographic Information Tools by Engaging Local Communities\u201d (EcoVoce) is funded by the Executive Agency for Higher Education, Research, Development and Innovation Funding (UEFISCDI) by the PNIII Human Resources Program, subprogram \u201cResearch projects for stimulating young independent teams (TE)\u201d.<\/p>\n<\/div>\n\t\t\t\t<\/div>\n\t\t\t\t<\/div>\n\t\t\t\t\t<\/div>\n\t\t<\/div>\n\t\t\t\t\t<\/div>\n\t\t<\/section>\n\t\t\t\t<section class=\"elementor-section elementor-top-section elementor-element elementor-element-217d9966 elementor-section-content-middle elementor-section-boxed elementor-section-height-default elementor-section-height-default\" data-id=\"217d9966\" data-element_type=\"section\">\n\t\t\t\t\t\t<div class=\"elementor-container elementor-column-gap-no\">\n\t\t\t\t\t<div class=\"elementor-column elementor-col-50 elementor-top-column elementor-element elementor-element-709303c1 elementor-invisible\" data-id=\"709303c1\" data-element_type=\"column\" data-settings=\"{&quot;animation&quot;:&quot;fadeInLeft&quot;}\">\n\t\t\t<div class=\"elementor-widget-wrap elementor-element-populated\">\n\t\t\t\t\t\t<div class=\"elementor-element elementor-element-63c16e7c elementor-position-left elementor-vertical-align-middle elementor-widget elementor-widget-image-box\" data-id=\"63c16e7c\" data-element_type=\"widget\" data-widget_type=\"image-box.default\">\n\t\t\t\t<div class=\"elementor-widget-container\">\n\t\t\t<div class=\"elementor-image-box-wrapper\"><figure class=\"elementor-image-box-img\"><img fetchpriority=\"high\" decoding=\"async\" width=\"400\" height=\"400\" src=\"https:\/\/ecovoce.granturi.ubbcluj.ro\/wp-content\/uploads\/2022\/07\/lucrina.png\" class=\"attachment-full size-full wp-image-3528\" alt=\"\" srcset=\"https:\/\/ecovoce.granturi.ubbcluj.ro\/wp-content\/uploads\/2022\/07\/lucrina.png 400w, https:\/\/ecovoce.granturi.ubbcluj.ro\/wp-content\/uploads\/2022\/07\/lucrina-300x300.png 300w, https:\/\/ecovoce.granturi.ubbcluj.ro\/wp-content\/uploads\/2022\/07\/lucrina-150x150.png 150w\" sizes=\"(max-width: 400px) 100vw, 400px\" \/><\/figure><div class=\"elementor-image-box-content\"><h3 class=\"elementor-image-box-title\">Lucrina \u0218tef\u0103nescu<\/h3><p class=\"elementor-image-box-description\">Project leader, researcher <\/p><\/div><\/div>\t\t<\/div>\n\t\t\t\t<\/div>\n\t\t\t\t<div class=\"elementor-element elementor-element-271e4bd0 elementor-widget elementor-widget-text-editor\" data-id=\"271e4bd0\" data-element_type=\"widget\" data-widget_type=\"text-editor.default\">\n\t\t\t\t<div class=\"elementor-widget-container\">\n\t\t\t\t\t\t\t<p>I have been working in research at the Faculty of Environmental Science and Engineering, at Babes-Bolyai University, Cluj-Napoca, since 2008. I have been studying for several years the environmental impact of mining, but I have been interested also in the way communities perceive this impact. I coordinated the research project \u201cEnvironmental risks in mining areas - connecting expert assessments and social representations for a more efficient risk communication\u201d and I have worked in various research projects on topics such as: vulnerable communities, risk assessment, environmental education and awareness. \nFields of research interest: risk and disaster management, vulnerability analysis, risk communication, citizen science.<\/p>\t\t\t\t\t\t<\/div>\n\t\t\t\t<\/div>\n\t\t\t\t<div class=\"elementor-element elementor-element-7ba46a03 e-grid-align-left e-grid-align-mobile-center elementor-shape-rounded elementor-grid-0 elementor-widget elementor-widget-social-icons\" data-id=\"7ba46a03\" data-element_type=\"widget\" data-widget_type=\"social-icons.default\">\n\t\t\t\t<div class=\"elementor-widget-container\">\n\t\t\t\t\t<div class=\"elementor-social-icons-wrapper elementor-grid\">\n\t\t\t\t\t\t\t<span class=\"elementor-grid-item\">\n\t\t\t\t\t<a class=\"elementor-icon elementor-social-icon elementor-social-icon-facebook-f elementor-animation-grow elementor-repeater-item-8b93740\" target=\"_blank\">\n\t\t\t\t\t\t<span class=\"elementor-screen-only\">Facebook-f<\/span>\n\t\t\t\t\t\t<i class=\"fab fa-facebook-f\"><\/i>\t\t\t\t\t<\/a>\n\t\t\t\t<\/span>\n\t\t\t\t\t\t\t<span class=\"elementor-grid-item\">\n\t\t\t\t\t<a class=\"elementor-icon elementor-social-icon elementor-social-icon-linkedin elementor-animation-grow elementor-repeater-item-d2b7695\" target=\"_blank\">\n\t\t\t\t\t\t<span class=\"elementor-screen-only\">Linkedin<\/span>\n\t\t\t\t\t\t<i class=\"fab fa-linkedin\"><\/i>\t\t\t\t\t<\/a>\n\t\t\t\t<\/span>\n\t\t\t\t\t<\/div>\n\t\t\t\t<\/div>\n\t\t\t\t<\/div>\n\t\t\t\t\t<\/div>\n\t\t<\/div>\n\t\t\t\t<div class=\"elementor-column elementor-col-50 elementor-top-column elementor-element elementor-element-4e57212e elementor-invisible\" data-id=\"4e57212e\" data-element_type=\"column\" data-settings=\"{&quot;animation&quot;:&quot;fadeInRight&quot;,&quot;animation_delay&quot;:300}\">\n\t\t\t<div class=\"elementor-widget-wrap elementor-element-populated\">\n\t\t\t\t\t\t<div class=\"elementor-element elementor-element-58d745cf elementor-position-left elementor-vertical-align-middle elementor-widget elementor-widget-image-box\" data-id=\"58d745cf\" data-element_type=\"widget\" data-widget_type=\"image-box.default\">\n\t\t\t\t<div class=\"elementor-widget-container\">\n\t\t\t<div class=\"elementor-image-box-wrapper\"><figure class=\"elementor-image-box-img\"><img decoding=\"async\" width=\"400\" height=\"400\" src=\"https:\/\/ecovoce.granturi.ubbcluj.ro\/wp-content\/uploads\/2022\/07\/filip.png\" class=\"attachment-full size-full wp-image-3395\" alt=\"\" srcset=\"https:\/\/ecovoce.granturi.ubbcluj.ro\/wp-content\/uploads\/2022\/07\/filip.png 400w, https:\/\/ecovoce.granturi.ubbcluj.ro\/wp-content\/uploads\/2022\/07\/filip-300x300.png 300w, https:\/\/ecovoce.granturi.ubbcluj.ro\/wp-content\/uploads\/2022\/07\/filip-150x150.png 150w\" sizes=\"(max-width: 400px) 100vw, 400px\" \/><\/figure><div class=\"elementor-image-box-content\"><h3 class=\"elementor-image-box-title\">Filip Alexandrescu<\/h3><p class=\"elementor-image-box-description\">senior researcher<\/p><\/div><\/div>\t\t<\/div>\n\t\t\t\t<\/div>\n\t\t\t\t<div class=\"elementor-element elementor-element-411b153d elementor-widget elementor-widget-text-editor\" data-id=\"411b153d\" data-element_type=\"widget\" data-widget_type=\"text-editor.default\">\n\t\t\t\t<div class=\"elementor-widget-container\">\n\t\t\t\t\t\t\t<p>I work as a scientific researcher II (second degree) at the Research Institute for the Quality of Life at the Romanian Academy. As a sociologist, I have been involved in interdisciplinary projects in the environmental sciences, both in international projects (consortium-based or individual, within EU\u2019s framework program 7) and national (young research teams 2016 and 2021). My research interest is to link social processes with their effects on ecosystems, both urban and rural, and to understand the relationships between social practices and environmental knowledge. I have been involved in the project \u201cEnvironmental risks in mining areas - connecting expert assessments and social representations for a more efficient risk communication\u201d and have contributed to academic papers published in Land Use Policy and Sustainability and to a paper currently under review by Eurasian Geography and Economics.\nFields of research interest: social construction of risks, knowledge and nonknowledge, citizen understanding of, and involvement in, science.<\/p>\t\t\t\t\t\t<\/div>\n\t\t\t\t<\/div>\n\t\t\t\t<div class=\"elementor-element elementor-element-228f67ba e-grid-align-left e-grid-align-mobile-center elementor-shape-rounded elementor-grid-0 elementor-widget elementor-widget-social-icons\" data-id=\"228f67ba\" data-element_type=\"widget\" data-widget_type=\"social-icons.default\">\n\t\t\t\t<div class=\"elementor-widget-container\">\n\t\t\t\t\t<div class=\"elementor-social-icons-wrapper elementor-grid\">\n\t\t\t\t\t\t\t<span class=\"elementor-grid-item\">\n\t\t\t\t\t<a class=\"elementor-icon elementor-social-icon elementor-social-icon-facebook-f elementor-animation-grow elementor-repeater-item-8b93740\" target=\"_blank\">\n\t\t\t\t\t\t<span class=\"elementor-screen-only\">Facebook-f<\/span>\n\t\t\t\t\t\t<i class=\"fab fa-facebook-f\"><\/i>\t\t\t\t\t<\/a>\n\t\t\t\t<\/span>\n\t\t\t\t\t\t\t<span class=\"elementor-grid-item\">\n\t\t\t\t\t<a class=\"elementor-icon elementor-social-icon elementor-social-icon-linkedin elementor-animation-grow elementor-repeater-item-d2b7695\" target=\"_blank\">\n\t\t\t\t\t\t<span class=\"elementor-screen-only\">Linkedin<\/span>\n\t\t\t\t\t\t<i class=\"fab fa-linkedin\"><\/i>\t\t\t\t\t<\/a>\n\t\t\t\t<\/span>\n\t\t\t\t\t<\/div>\n\t\t\t\t<\/div>\n\t\t\t\t<\/div>\n\t\t\t\t\t<\/div>\n\t\t<\/div>\n\t\t\t\t\t<\/div>\n\t\t<\/section>\n\t\t\t\t<section class=\"elementor-section elementor-top-section elementor-element elementor-element-aac5151 elementor-section-content-middle elementor-section-boxed elementor-section-height-default elementor-section-height-default\" data-id=\"aac5151\" data-element_type=\"section\">\n\t\t\t\t\t\t<div class=\"elementor-container elementor-column-gap-no\">\n\t\t\t\t\t<div class=\"elementor-column elementor-col-50 elementor-top-column elementor-element elementor-element-4c0d66f elementor-invisible\" data-id=\"4c0d66f\" data-element_type=\"column\" data-settings=\"{&quot;animation&quot;:&quot;fadeInLeft&quot;}\">\n\t\t\t<div class=\"elementor-widget-wrap elementor-element-populated\">\n\t\t\t\t\t\t<div class=\"elementor-element elementor-element-2dcaf7e elementor-position-left elementor-vertical-align-middle elementor-widget elementor-widget-image-box\" data-id=\"2dcaf7e\" data-element_type=\"widget\" data-widget_type=\"image-box.default\">\n\t\t\t\t<div class=\"elementor-widget-container\">\n\t\t\t<div class=\"elementor-image-box-wrapper\"><figure class=\"elementor-image-box-img\"><img decoding=\"async\" width=\"400\" height=\"400\" src=\"https:\/\/ecovoce.granturi.ubbcluj.ro\/wp-content\/uploads\/2022\/07\/ghita.png\" class=\"attachment-full size-full wp-image-3396\" alt=\"\" srcset=\"https:\/\/ecovoce.granturi.ubbcluj.ro\/wp-content\/uploads\/2022\/07\/ghita.png 400w, https:\/\/ecovoce.granturi.ubbcluj.ro\/wp-content\/uploads\/2022\/07\/ghita-300x300.png 300w, https:\/\/ecovoce.granturi.ubbcluj.ro\/wp-content\/uploads\/2022\/07\/ghita-150x150.png 150w\" sizes=\"(max-width: 400px) 100vw, 400px\" \/><\/figure><div class=\"elementor-image-box-content\"><h3 class=\"elementor-image-box-title\">Gheorghe-Gavril\u0103 Hognogi<\/h3><p class=\"elementor-image-box-description\">Lecturer<\/p><\/div><\/div>\t\t<\/div>\n\t\t\t\t<\/div>\n\t\t\t\t<div class=\"elementor-element elementor-element-3bda7c0 elementor-widget elementor-widget-text-editor\" data-id=\"3bda7c0\" data-element_type=\"widget\" data-widget_type=\"text-editor.default\">\n\t\t\t\t<div class=\"elementor-widget-container\">\n\t\t\t\t\t\t\t<p>I am working as lecturer at the Faculty of Geography, Babe\u015f-Bolyai University of Cluj-Napoca. I am a photography and graphic enthusiast, a passion translated into cartographic materials (using software such as ArcGIS Pro, Corel Draw, Global Mapper, and Photoshop). Some of my most important research results include the writing of scientific articles and involvement in spatial planning, regional geography, tourism or biodiversity research projects.\nSkills and expertise: Geography, Regional and urban planning, GIS, RPAS, Digital era-governance (DEG), Extended Reality (XR)<\/p>\t\t\t\t\t\t<\/div>\n\t\t\t\t<\/div>\n\t\t\t\t<div class=\"elementor-element elementor-element-c4226dd e-grid-align-left e-grid-align-mobile-center elementor-shape-rounded elementor-grid-0 elementor-widget elementor-widget-social-icons\" data-id=\"c4226dd\" data-element_type=\"widget\" data-widget_type=\"social-icons.default\">\n\t\t\t\t<div class=\"elementor-widget-container\">\n\t\t\t\t\t<div class=\"elementor-social-icons-wrapper elementor-grid\">\n\t\t\t\t\t\t\t<span class=\"elementor-grid-item\">\n\t\t\t\t\t<a class=\"elementor-icon elementor-social-icon elementor-social-icon-facebook-f elementor-animation-grow elementor-repeater-item-8b93740\" target=\"_blank\">\n\t\t\t\t\t\t<span class=\"elementor-screen-only\">Facebook-f<\/span>\n\t\t\t\t\t\t<i class=\"fab fa-facebook-f\"><\/i>\t\t\t\t\t<\/a>\n\t\t\t\t<\/span>\n\t\t\t\t\t\t\t<span class=\"elementor-grid-item\">\n\t\t\t\t\t<a class=\"elementor-icon elementor-social-icon elementor-social-icon-linkedin elementor-animation-grow elementor-repeater-item-d2b7695\" target=\"_blank\">\n\t\t\t\t\t\t<span class=\"elementor-screen-only\">Linkedin<\/span>\n\t\t\t\t\t\t<i class=\"fab fa-linkedin\"><\/i>\t\t\t\t\t<\/a>\n\t\t\t\t<\/span>\n\t\t\t\t\t<\/div>\n\t\t\t\t<\/div>\n\t\t\t\t<\/div>\n\t\t\t\t\t<\/div>\n\t\t<\/div>\n\t\t\t\t<div class=\"elementor-column elementor-col-50 elementor-top-column elementor-element elementor-element-8368a0b elementor-invisible\" data-id=\"8368a0b\" data-element_type=\"column\" data-settings=\"{&quot;animation&quot;:&quot;fadeInRight&quot;,&quot;animation_delay&quot;:300}\">\n\t\t\t<div class=\"elementor-widget-wrap elementor-element-populated\">\n\t\t\t\t\t\t<div class=\"elementor-element elementor-element-d037f1c elementor-position-left elementor-vertical-align-middle elementor-widget elementor-widget-image-box\" data-id=\"d037f1c\" data-element_type=\"widget\" data-widget_type=\"image-box.default\">\n\t\t\t\t<div class=\"elementor-widget-container\">\n\t\t\t<div class=\"elementor-image-box-wrapper\"><figure class=\"elementor-image-box-img\"><img loading=\"lazy\" decoding=\"async\" width=\"400\" height=\"400\" src=\"https:\/\/ecovoce.granturi.ubbcluj.ro\/wp-content\/uploads\/2022\/07\/moni.png\" class=\"attachment-full size-full wp-image-3398\" alt=\"\" srcset=\"https:\/\/ecovoce.granturi.ubbcluj.ro\/wp-content\/uploads\/2022\/07\/moni.png 400w, https:\/\/ecovoce.granturi.ubbcluj.ro\/wp-content\/uploads\/2022\/07\/moni-300x300.png 300w, https:\/\/ecovoce.granturi.ubbcluj.ro\/wp-content\/uploads\/2022\/07\/moni-150x150.png 150w\" sizes=\"(max-width: 400px) 100vw, 400px\" \/><\/figure><div class=\"elementor-image-box-content\"><h3 class=\"elementor-image-box-title\">Monika Meltzer<\/h3><p class=\"elementor-image-box-description\">researcher<\/p><\/div><\/div>\t\t<\/div>\n\t\t\t\t<\/div>\n\t\t\t\t<div class=\"elementor-element elementor-element-b3916a1 elementor-widget elementor-widget-text-editor\" data-id=\"b3916a1\" data-element_type=\"widget\" data-widget_type=\"text-editor.default\">\n\t\t\t\t<div class=\"elementor-widget-container\">\n\t\t\t\t\t\t\t<p>I graduated the Faculty of Political, Administrative and Communication Sciences at Babe\u0219-Bolyai University in Cluj-Napoca, then pursued a master\u2019s and doctoral degree in environmental science at the Faculty of Environmental Science and Engineering of the same university, where I also work at the moment. Due to my multidisciplinary training, I specialized in disaster risk communication, and in the research projects I have participated in since 2016, I also gained experience in environmental and disaster risk management.\nFields of research interest: risk communication, risk and disaster management.<\/p>\t\t\t\t\t\t<\/div>\n\t\t\t\t<\/div>\n\t\t\t\t<div class=\"elementor-element elementor-element-deede9a e-grid-align-left e-grid-align-mobile-center elementor-shape-rounded elementor-grid-0 elementor-widget elementor-widget-social-icons\" data-id=\"deede9a\" data-element_type=\"widget\" data-widget_type=\"social-icons.default\">\n\t\t\t\t<div class=\"elementor-widget-container\">\n\t\t\t\t\t<div class=\"elementor-social-icons-wrapper elementor-grid\">\n\t\t\t\t\t\t\t<span class=\"elementor-grid-item\">\n\t\t\t\t\t<a class=\"elementor-icon elementor-social-icon elementor-social-icon-facebook-f elementor-animation-grow elementor-repeater-item-8b93740\" target=\"_blank\">\n\t\t\t\t\t\t<span class=\"elementor-screen-only\">Facebook-f<\/span>\n\t\t\t\t\t\t<i class=\"fab fa-facebook-f\"><\/i>\t\t\t\t\t<\/a>\n\t\t\t\t<\/span>\n\t\t\t\t\t\t\t<span class=\"elementor-grid-item\">\n\t\t\t\t\t<a class=\"elementor-icon elementor-social-icon elementor-social-icon-linkedin elementor-animation-grow elementor-repeater-item-d2b7695\" target=\"_blank\">\n\t\t\t\t\t\t<span class=\"elementor-screen-only\">Linkedin<\/span>\n\t\t\t\t\t\t<i class=\"fab fa-linkedin\"><\/i>\t\t\t\t\t<\/a>\n\t\t\t\t<\/span>\n\t\t\t\t\t<\/div>\n\t\t\t\t<\/div>\n\t\t\t\t<\/div>\n\t\t\t\t\t<\/div>\n\t\t<\/div>\n\t\t\t\t\t<\/div>\n\t\t<\/section>\n\t\t\t\t<section class=\"elementor-section elementor-top-section elementor-element elementor-element-17a26ab elementor-section-content-middle elementor-section-boxed elementor-section-height-default elementor-section-height-default\" data-id=\"17a26ab\" data-element_type=\"section\">\n\t\t\t\t\t\t<div class=\"elementor-container elementor-column-gap-no\">\n\t\t\t\t\t<div class=\"elementor-column elementor-col-50 elementor-top-column elementor-element elementor-element-0aa1a77 elementor-invisible\" data-id=\"0aa1a77\" data-element_type=\"column\" data-settings=\"{&quot;animation&quot;:&quot;fadeInLeft&quot;}\">\n\t\t\t<div class=\"elementor-widget-wrap elementor-element-populated\">\n\t\t\t\t\t\t<div class=\"elementor-element elementor-element-3cc4c21 elementor-position-left elementor-vertical-align-middle elementor-widget elementor-widget-image-box\" data-id=\"3cc4c21\" data-element_type=\"widget\" data-widget_type=\"image-box.default\">\n\t\t\t\t<div class=\"elementor-widget-container\">\n\t\t\t<div class=\"elementor-image-box-wrapper\"><figure class=\"elementor-image-box-img\"><img loading=\"lazy\" decoding=\"async\" width=\"400\" height=\"400\" src=\"https:\/\/ecovoce.granturi.ubbcluj.ro\/wp-content\/uploads\/2022\/07\/zoli.png\" class=\"attachment-full size-full wp-image-3399\" alt=\"\" srcset=\"https:\/\/ecovoce.granturi.ubbcluj.ro\/wp-content\/uploads\/2022\/07\/zoli.png 400w, https:\/\/ecovoce.granturi.ubbcluj.ro\/wp-content\/uploads\/2022\/07\/zoli-300x300.png 300w, https:\/\/ecovoce.granturi.ubbcluj.ro\/wp-content\/uploads\/2022\/07\/zoli-150x150.png 150w\" sizes=\"(max-width: 400px) 100vw, 400px\" \/><\/figure><div class=\"elementor-image-box-content\"><h3 class=\"elementor-image-box-title\"> Zolt\u00e1n T\u00f6r\u00f6k<\/h3><p class=\"elementor-image-box-description\">Associate Professor \n<\/p><\/div><\/div>\t\t<\/div>\n\t\t\t\t<\/div>\n\t\t\t\t<div class=\"elementor-element elementor-element-77010e4 elementor-widget elementor-widget-text-editor\" data-id=\"77010e4\" data-element_type=\"widget\" data-widget_type=\"text-editor.default\">\n\t\t\t\t<div class=\"elementor-widget-container\">\n\t\t\t\t\t\t\t<p><b>Zolt\u00e1n T\u00f6r\u00f6k<\/b> is an Associate Professor at Babe\u0219-Bolyai University, Faculty of Environmental Science and Engineering. He is a member of the Research Institute for Sustainability and Disaster Management based on High Performance Computing (ISUMADECIP).<br \/>His scientific research activities focus on the management of chemical industrial risk, in particular the modeling and simulation of chemical accidents and gas dispersions in the atmosphere, quantitative risk analysis for land use planning, risks associated with the extractive mining industry, the use of drones in disaster management and environmental assessments.<br \/>In parallel with teaching and research activities, he has participated in training courses in the field of disaster management, organized by the European Civil Protection Mechanism and is a volunteer member of the APELL-TAST team, participating in European training exercises and other volunteering activities in the field.<\/p>\t\t\t\t\t\t<\/div>\n\t\t\t\t<\/div>\n\t\t\t\t<div class=\"elementor-element elementor-element-3cc70cd e-grid-align-left e-grid-align-mobile-center elementor-shape-rounded elementor-grid-0 elementor-widget elementor-widget-social-icons\" data-id=\"3cc70cd\" data-element_type=\"widget\" data-widget_type=\"social-icons.default\">\n\t\t\t\t<div class=\"elementor-widget-container\">\n\t\t\t\t\t<div class=\"elementor-social-icons-wrapper elementor-grid\">\n\t\t\t\t\t\t\t<span class=\"elementor-grid-item\">\n\t\t\t\t\t<a class=\"elementor-icon elementor-social-icon elementor-social-icon-facebook-f elementor-animation-grow elementor-repeater-item-8b93740\" target=\"_blank\">\n\t\t\t\t\t\t<span class=\"elementor-screen-only\">Facebook-f<\/span>\n\t\t\t\t\t\t<i class=\"fab fa-facebook-f\"><\/i>\t\t\t\t\t<\/a>\n\t\t\t\t<\/span>\n\t\t\t\t\t\t\t<span class=\"elementor-grid-item\">\n\t\t\t\t\t<a class=\"elementor-icon elementor-social-icon elementor-social-icon-linkedin elementor-animation-grow elementor-repeater-item-d2b7695\" target=\"_blank\">\n\t\t\t\t\t\t<span class=\"elementor-screen-only\">Linkedin<\/span>\n\t\t\t\t\t\t<i class=\"fab fa-linkedin\"><\/i>\t\t\t\t\t<\/a>\n\t\t\t\t<\/span>\n\t\t\t\t\t<\/div>\n\t\t\t\t<\/div>\n\t\t\t\t<\/div>\n\t\t\t\t\t<\/div>\n\t\t<\/div>\n\t\t\t\t<div class=\"elementor-column elementor-col-50 elementor-top-column elementor-element elementor-element-22c6989\" data-id=\"22c6989\" data-element_type=\"column\">\n\t\t\t<div class=\"elementor-widget-wrap elementor-element-populated\">\n\t\t\t\t\t\t\t<\/div>\n\t\t<\/div>\n\t\t\t\t\t<\/div>\n\t\t<\/section>\n\t\t\t\t<\/div>","protected":false},"excerpt":{"rendered":"<p>Despre noi Lucrina \u0218tef\u0103nescu Director de proiect, cercet\u0103tor \u0219tiin\u021bific Sunt cercet\u0103tor \u0219tiin\u021bific la Facultatea de \u0218tiin\u021ba \u0219i Ingineria Mediului, din &hellip;<\/p>","protected":false},"author":1,"featured_media":0,"parent":0,"menu_order":0,"comment_status":"closed","ping_status":"closed","template":"","meta":{"inline_featured_image":false,"footnotes":""},"class_list":["post-2644","page","type-page","status-publish","hentry"],"_links":{"self":[{"href":"https:\/\/ecovoce.granturi.ubbcluj.ro\/en\/wp-json\/wp\/v2\/pages\/2644","targetHints":{"allow":["GET"]}}],"collection":[{"href":"https:\/\/ecovoce.granturi.ubbcluj.ro\/en\/wp-json\/wp\/v2\/pages"}],"about":[{"href":"https:\/\/ecovoce.granturi.ubbcluj.ro\/en\/wp-json\/wp\/v2\/types\/page"}],"author":[{"embeddable":true,"href":"https:\/\/ecovoce.granturi.ubbcluj.ro\/en\/wp-json\/wp\/v2\/users\/1"}],"replies":[{"embeddable":true,"href":"https:\/\/ecovoce.granturi.ubbcluj.ro\/en\/wp-json\/wp\/v2\/comments?post=2644"}],"version-history":[{"count":211,"href":"https:\/\/ecovoce.granturi.ubbcluj.ro\/en\/wp-json\/wp\/v2\/pages\/2644\/revisions"}],"predecessor-version":[{"id":3579,"href":"https:\/\/ecovoce.granturi.ubbcluj.ro\/en\/wp-json\/wp\/v2\/pages\/2644\/revisions\/3579"}],"wp:attachment":[{"href":"https:\/\/ecovoce.granturi.ubbcluj.ro\/en\/wp-json\/wp\/v2\/media?parent=2644"}],"curies":[{"name":"wp","href":"https:\/\/api.w.org\/{rel}","templated":true}]}}